{"id":1408,"date":"2017-09-24T19:44:12","date_gmt":"2017-09-24T17:44:12","guid":{"rendered":"https:\/\/www.udoubku.cz\/restaurace-a-vinarna-breclav\/"},"modified":"2024-02-01T01:14:02","modified_gmt":"2024-02-01T00:14:02","slug":"restaurace-a-vinarna-breclav","status":"publish","type":"page","link":"https:\/\/udoubku.cz\/sk\/restaurace-a-vinarna-breclav\/","title":{"rendered":"Re\u0161taur\u00e1cie a vin\u00e1re\u0148 B\u0159eclav"},"content":{"rendered":"","protected":false},"excerpt":{"rendered":"","protected":false},"author":1,"featured_media":0,"parent":0,"menu_order":5,"comment_status":"closed","ping_status":"closed","template":"","meta":{"footnotes":""},"class_list":["post-1408","page","type-page","status-publish","hentry"],"_links":{"self":[{"href":"https:\/\/udoubku.cz\/sk\/wp-json\/wp\/v2\/pages\/1408","targetHints":{"allow":["GET"]}}],"collection":[{"href":"https:\/\/udoubku.cz\/sk\/wp-json\/wp\/v2\/pages"}],"about":[{"href":"https:\/\/udoubku.cz\/sk\/wp-json\/wp\/v2\/types\/page"}],"author":[{"embeddable":true,"href":"https:\/\/udoubku.cz\/sk\/wp-json\/wp\/v2\/users\/1"}],"replies":[{"embeddable":true,"href":"https:\/\/udoubku.cz\/sk\/wp-json\/wp\/v2\/comments?post=1408"}],"version-history":[{"count":2,"href":"https:\/\/udoubku.cz\/sk\/wp-json\/wp\/v2\/pages\/1408\/revisions"}],"predecessor-version":[{"id":1410,"href":"https:\/\/udoubku.cz\/sk\/wp-json\/wp\/v2\/pages\/1408\/revisions\/1410"}],"wp:attachment":[{"href":"https:\/\/udoubku.cz\/sk\/wp-json\/wp\/v2\/media?parent=1408"}],"curies":[{"name":"wp","href":"https:\/\/api.w.org\/{rel}","templated":true}]}}